{"id":24695,"date":"2023-07-30T07:54:28","date_gmt":"2023-07-30T05:54:28","guid":{"rendered":"https:\/\/tempsdansechallans.fr\/?page_id=24695"},"modified":"2023-07-30T08:00:11","modified_gmt":"2023-07-30T06:00:11","slug":"statuts-de-lassociation-et-reglement-interieur","status":"publish","type":"page","link":"https:\/\/tempsdansechallans.fr\/index.php\/statuts-de-lassociation-et-reglement-interieur\/","title":{"rendered":"Statuts de l&rsquo;association et r\u00e8glement int\u00e9rieur"},"content":{"rendered":"\t\t<div data-elementor-type=\"wp-page\" data-elementor-id=\"24695\" class=\"elementor elementor-24695\">\n\t\t\t\t\t\t<section class=\"elementor-section elementor-top-section elementor-element elementor-element-435321c2 elementor-section-boxed elementor-section-height-default elementor-section-height-default\" data-id=\"435321c2\" data-element_type=\"section\" data-e-type=\"section\">\n\t\t\t\t\t\t<div class=\"elementor-container elementor-column-gap-default\">\n\t\t\t\t\t<div class=\"elementor-column elementor-col-100 elementor-top-column elementor-element elementor-element-399690ca\" data-id=\"399690ca\" data-element_type=\"column\" data-e-type=\"column\">\n\t\t\t<div class=\"elementor-widget-wrap elementor-element-populated\">\n\t\t\t\t\t\t<div class=\"elementor-element elementor-element-27c0eddf elementor-widget elementor-widget-text-editor\" data-id=\"27c0eddf\" data-element_type=\"widget\" data-e-type=\"widget\" data-widget_type=\"text-editor.default\">\n\t\t\t\t<div class=\"elementor-widget-container\">\n\t\t\t\t\t\t\t\t\t<p><\/p>\n<p><h3><em style=\"\"><u style=\"\"><b>Statuts de l\u2019association<\/b><\/u><\/em><\/h3>TITRE I : CONSTITUTION<\/p>\n<p><\/p>\n<p><\/p>\n<p>Article 1 :<\/p>\n<p><\/p>\n<p><\/p>\n<p>Il est fond\u00e9 entre les adh\u00e9rents aux pr\u00e9sents statuts une association r\u00e9gie par la loi du 1er juillet 1901 et le d\u00e9cret du 16 ao\u00fbt 1901, ayant pour d\u00e9nomination : ASSOCIATION TEMPS DANSE<\/p>\n<p><\/p>\n<p><\/p>\n<p>Article 2 :<\/p>\n<p><\/p>\n<p><\/p>\n<p>Elle a pour objet d\u2019initier toutes personnes \u00e0 la danse de salon par l\u2019organisation de cours collectifs ou individuels, de stages et de soir\u00e9es dansantes.<\/p>\n<p><\/p>\n<p><\/p>\n<p>Article 3 :<\/p>\n<p><\/p>\n<p><\/p>\n<p>Le si\u00e8ge social est fix\u00e9 \u00e0 la Mairie de Challans, Place de l\u2019H\u00f4tel de Ville 85300 Challans<\/p>\n<p><\/p>\n<p><\/p>\n<p>Il peut \u00eatre transf\u00e9r\u00e9 \u00e0 l\u2019int\u00e9rieur du D\u00e9partement de la Vend\u00e9e par simple d\u00e9cision du Conseil d\u2019Administration.<\/p>\n<p><\/p>\n<p><\/p>\n<p>Article 4 :<\/p>\n<p><\/p>\n<p><\/p>\n<p>La dur\u00e9e de l\u2019association est illimit\u00e9e.<\/p>\n<p><\/p>\n<p><\/p>\n<p>TITRE II \u2013 COMPOSITION<\/p>\n<p><\/p>\n<p><\/p>\n<p>Article 5 :<\/p>\n<p><\/p>\n<p><\/p>\n<p>L\u2019association se compose de membres actifs.<\/p>\n<p><\/p>\n<p><\/p>\n<ul class=\"wp-block-list\"><p><\/p>\n<li>Sont membres actifs, les personnes physiques ou morales qui participent r\u00e9guli\u00e8rement aux activit\u00e9s et paient une cotisation fix\u00e9e annuellement par le Conseil d\u2019Administration. Ils participent aux assembl\u00e9es g\u00e9n\u00e9rales avec voix d\u00e9lib\u00e9rative.<\/li>\n<p><\/p><\/ul>\n<p><\/p>\n<p><\/p>\n<p>L\u2019ensemble des membres actifs sans exception sont li\u00e9s aux d\u00e9lib\u00e9rations des assembl\u00e9es.<\/p>\n<p><\/p>\n<p><\/p>\n<p>Article 6 :<\/p>\n<p><\/p>\n<p><\/p>\n<p>L\u2019admission des membres au coll\u00e8ge est prononc\u00e9e par le CA sur demande d\u2019adh\u00e9sion formul\u00e9e par le demandeur assortie, \u00e9ventuellement, de toutes les pi\u00e8ces demand\u00e9es par le CA. En cas de d\u00e9saccord, l\u2019AG la plus proche pourra \u00eatre saisie par le demandeur. Elle statuera d\u00e9finitivement et sans recours possible sur la demande d\u2019adh\u00e9sion.<\/p>\n<p><\/p>\n<p><\/p>\n<p>Article 7 :<\/p>\n<p><\/p>\n<p><\/p>\n<p>La qualit\u00e9 de membre se perd :<\/p>\n<p><\/p>\n<p><\/p>\n<ul class=\"wp-block-list\"><p><\/p>\n<li>par d\u00e9c\u00e8s ou par dissolution de la personne morale adh\u00e9rente.<\/li>\n<p><\/p>\n<p><\/p>\n<li>par d\u00e9mission adress\u00e9e par \u00e9crit au Pr\u00e9sident de l\u2019association.<\/li>\n<p><\/p>\n<p><\/p>\n<li>par radiation prononc\u00e9e par le Conseil d\u2019Administration pour non-paiement de la cotisation.<\/li>\n<p><\/p>\n<p><\/p>\n<li>par exclusion prononc\u00e9e par le Conseil d\u2019Administration pour non-respect aux pr\u00e9sents statuts et r\u00e8glement int\u00e9rieur ou motif grave portant pr\u00e9judice moral, financier ou mat\u00e9riel \u00e0 l\u2019association ou \u00e0 l\u2019un des adh\u00e9rents.<\/li>\n<p><\/p><\/ul>\n<p><\/p>\n<p><\/p>\n<p>Avant la prise de la d\u00e9cision \u00e9ventuelle d\u2019exclusion ou de radiation, le membre concern\u00e9 est invit\u00e9, au pr\u00e9alable, \u00e0 fournir des explications \u00e9crites ou orales au Conseil d\u2019Administration. Une information lui sera adress\u00e9e par courrier AR 15 jours avant la date pr\u00e9vue pour le Conseil d\u2019Administration en charge de la prise de la d\u00e9cision.<\/p>\n<p><\/p>\n<p><\/p>\n<p>TITRE III \u2013 FINANCES<\/p>\n<p><\/p>\n<p><\/p>\n<p>Article 8 :<\/p>\n<p><\/p>\n<p><\/p>\n<p>Les ressources de l\u2019association sont :<\/p>\n<p><\/p>\n<p><\/p>\n<ul class=\"wp-block-list\"><p><\/p>\n<li>les cotisations,<\/li>\n<p><\/p>\n<p><\/p>\n<li>les subventions de la Communaut\u00e9 Europ\u00e9enne, de l\u2019Etat, des R\u00e9gions, des D\u00e9partements, des Communes, des \u00e9tablissements publics,<\/li>\n<p><\/p>\n<p><\/p>\n<li>les produits de son activit\u00e9 et de sa gestion,<\/li>\n<p><\/p>\n<p><\/p>\n<li>et toutes ressources qui ne seraient pas contraires aux lois en vigueur. Article 9 :<\/li>\n<p><\/p><\/ul>\n<p><\/p>\n<p><\/p>\n<p>Les comptes sont tenus sous la responsabilit\u00e9 du Tr\u00e9sorier qui op\u00e8re toutes v\u00e9rifications utiles de la comptabilit\u00e9 et fait son rapport en Assembl\u00e9e G\u00e9n\u00e9rale.<\/p>\n<p><\/p>\n<p><\/p>\n<p>TITRE IV \u2013 FONCTIONNEMENT<\/p>\n<p><\/p>\n<p><\/p>\n<p>Article 10 :<\/p>\n<p><\/p>\n<p><\/p>\n<p>L\u2019association administr\u00e9e par un Conseil d\u2019Administration est compos\u00e9 de 3 membres au minimum et 10 membres maximum \u00e9lus pour une dur\u00e9e de trois ans par l\u2019Assembl\u00e9e G\u00e9n\u00e9rale renouvelable par tiers tous les ans ; les membres sortants \u00e9tant r\u00e9\u00e9ligibles.<\/p>\n<p><\/p>\n<p><\/p>\n<p>Est \u00e9lecteur, tout membre actif \u00e0 jour de sa cotisation de l\u2019ann\u00e9e en cours.<\/p>\n<p><\/p>\n<p><\/p>\n<p>Article 11 :<\/p>\n<p><\/p>\n<p><\/p>\n<p>Le Conseil d\u2019Administration se r\u00e9unit chaque fois qu\u2019il est convoqu\u00e9 par le Pr\u00e9sident et au moins deux fois par an. Les convocations sont adress\u00e9es aux membres par courriel ou courrier au moins 7 jours avant la date de la r\u00e9union. En cas de n\u00e9cessit\u00e9, le Conseil d\u2019Administration peut \u00eatre convoqu\u00e9 \u00e0 la demande de la moiti\u00e9 plus un de ses membres.<\/p>\n<p><\/p>\n<p><\/p>\n<p>Les d\u00e9lib\u00e9rations sont prises \u00e0 la majorit\u00e9 des membres pr\u00e9sents ou repr\u00e9sent\u00e9s dans la limite d\u2019un pouvoir par membres pr\u00e9sents.<\/p>\n<p><\/p>\n<p><\/p>\n<p>En cas de partage, la voix du Pr\u00e9sident est pr\u00e9pond\u00e9rante.<\/p>\n<p><\/p>\n<p><\/p>\n<p>En cas d\u2019absence injustifi\u00e9e \u00e0 3 r\u00e9unions cons\u00e9cutives, l\u2019administrateur est d\u00e9clar\u00e9 d\u00e9missionnaire.<\/p>\n<p><\/p>\n<p><\/p>\n<p>Article 12 :<\/p>\n<p><\/p>\n<p><\/p>\n<p>Le Conseil d\u2019Administration est investi, d\u2019une mani\u00e8re g\u00e9n\u00e9rale des pouvoirs les plus \u00e9tendus, dans le cadre des buts de l\u2019association et des orientations donn\u00e9es par les Assembl\u00e9es G\u00e9n\u00e9rales :<\/p>\n<p><\/p>\n<p><\/p>\n<ul class=\"wp-block-list\"><p><\/p>\n<li>il contr\u00f4le la gestion des responsables salari\u00e9s ou b\u00e9n\u00e9voles de l\u2019association,<\/li>\n<p><\/p>\n<p><\/p>\n<li>il fait ouvrir tous comptes bancaires ou postaux et effectue toutes op\u00e9rations financi\u00e8res n\u00e9cessit\u00e9es par le bon fonctionnement de l\u2019association,<\/li>\n<p><\/p>\n<p><\/p>\n<li>il attribue les d\u00e9l\u00e9gations de signature,<\/li>\n<p><\/p>\n<p><\/p>\n<li>il arr\u00eate pr\u00e9alablement \u00e0 l\u2019Assembl\u00e9e G\u00e9n\u00e9rale Ordinaire le nombre de membres devant si\u00e9ger au sein du Conseil d\u2019Administration.<\/li>\n<p><\/p>\n<p><\/p>\n<li>il d\u00e9cide la cr\u00e9ation ou la suppression d\u2019activit\u00e9s,<\/li>\n<p><\/p>\n<p><\/p>\n<li>il autorise le Pr\u00e9sident et le Tr\u00e9sorier \u00e0 faire tous actes, achats, ali\u00e9nations et investissements reconnus n\u00e9cessaires, \u00e0 passer les march\u00e9s et contrats et \u00e0 solliciter des subventions,<\/li>\n<p><\/p>\n<p><\/p>\n<li>il autorise le Pr\u00e9sident ou le Tr\u00e9sorier \u00e0 signer tous types de contrats ou de convention pass\u00e9 entre l\u2019association et un membre du conseil d\u2019administration, un conjoint ou un proche. Cette d\u00e9cision sera pr\u00e9sent\u00e9e \u00e0 l\u2019assembl\u00e9e g\u00e9n\u00e9rale pour information ;<\/li>\n<p><\/p>\n<p><\/p>\n<li>il arr\u00eate les comptes sur proposition du Tr\u00e9sorier et valide les budgets annuels avant le d\u00e9but de l\u2019exercice comptable.<\/li>\n<p><\/p>\n<p><\/p>\n<li>il autorise le Pr\u00e9sident \u00e0 ester en justice Article 13 :<\/li>\n<p><\/p><\/ul>\n<p><\/p>\n<p><\/p>\n<p>Les membres du Conseil d\u2019Administration ont droit au remboursement de leurs frais sur justificatifs ; les frais de d\u00e9placement sont rembours\u00e9s sur le bar\u00e8me de l\u2019administration fiscale.<\/p>\n<p><\/p>\n<p><\/p>\n<p>Article 14 :<\/p>\n<p><\/p>\n<p><\/p>\n<p>Le Conseil d\u2019Administration choisit parmi ses membres, \u00e0 main lev\u00e9e, sauf si le vote \u00e0 bulletin secret est r\u00e9clam\u00e9 par la majorit\u00e9 plus un des membres pr\u00e9sents, un Bureau compos\u00e9 :<\/p>\n<p><\/p>\n<p><\/p>\n<ul class=\"wp-block-list\"><p><\/p>\n<li>un pr\u00e9sident et \u00e9ventuellement de plusieurs vice-pr\u00e9sident ou d\u2019une co-pr\u00e9sidence sur d\u00e9cision du Conseil d\u2019Administration valid\u00e9e pr\u00e9alablement par l\u2019Assembl\u00e9e G\u00e9n\u00e9rale.<\/li>\n<p><\/p>\n<p><\/p>\n<li>un tr\u00e9sorier et \u00e9ventuellement un tr\u00e9sorier adjoint<\/li>\n<p><\/p>\n<p><\/p>\n<li>un secr\u00e9taire et \u00e9ventuellement un secr\u00e9taire adjoint<\/li>\n<p><\/p><\/ul>\n<p><\/p>\n<p><\/p>\n<p>En cas de vacances, le Conseil d\u2019Administration pourvoit provisoirement au remplacement de ses membres jusqu\u2019\u00e0 la prochaine Assembl\u00e9e G\u00e9n\u00e9rale. En cas de d\u00e9mission, l\u2019administrateur ne sera pas imm\u00e9diatement remplac\u00e9 tant que le nombre de 3 administrateurs minimum n\u2019est pas atteint.<\/p>\n<p><\/p>\n<p><\/p>\n<p>Le Bureau, en tant que tel, re\u00e7oit d\u00e9l\u00e9gation permanente du Conseil d\u2019Administration pour assurer l\u2019animation de l\u2019association et traiter les affaires courantes.<\/p>\n<p><\/p>\n<p><\/p>\n<p>Article 15 :<\/p>\n<p><\/p>\n<p><\/p>\n<p>Les Assembl\u00e9es G\u00e9n\u00e9rales peuvent \u00eatre ordinaires ou extraordinaires. Les convocations sont faites par le Pr\u00e9sident par lettres individuelles ou courriel adress\u00e9s aux membres au moins 15 jours avant la date fix\u00e9e. Elles doivent mentionner l\u2019ordre du jour.<\/p>\n<p><\/p>\n<p><\/p>\n<p>En cas de n\u00e9cessit\u00e9, les Assembl\u00e9es peuvent \u00eatre convoqu\u00e9es \u00e0 la demande de la moiti\u00e9 plus un des membres \u00e0 jour de leur cotisation.<\/p>\n<p><\/p>\n<p><\/p>\n<p>Le vote par procuration donn\u00e9 \u00e0 un membre de l\u2019association est autoris\u00e9 \u00e0 concurrence d\u2019un pouvoir par membre votant ; le vote par correspondance ne l\u2019est pas.<\/p>\n<p><\/p>\n<p><\/p>\n<p>Article 16 :<\/p>\n<p><\/p>\n<p><\/p>\n<p>L\u2019Assembl\u00e9e G\u00e9n\u00e9rale ordinaire est convoqu\u00e9e au moins une fois par an dans un d\u00e9lai de 6 mois apr\u00e8s la cl\u00f4ture des comptes.<\/p>\n<p><\/p>\n<p><\/p>\n<p>Dans un premier temps, le Pr\u00e9sident aid\u00e9 des membres du Conseil d\u2019Administration fait approuver le rapport d\u2019activit\u00e9. Dans un second temps, la comptabilit\u00e9 devant \u00eatre compl\u00e8te de toutes les recettes et les d\u00e9penses, le Tr\u00e9sorier soumet l\u2019approbation du rapport financier (comptes de r\u00e9sultats et bilan). Puis, elle proc\u00e8de \u00e0 l\u2019\u00e9lection des membres du Conseil d\u2019administration. Et enfin, elle examine les questions \u00e0 l\u2019ordre du jour. Ne sont trait\u00e9es que les questions soumises \u00e0 l\u2019ordre du jour.<\/p>\n<p><\/p>\n<p><\/p>\n<p>Les d\u00e9cisions de l\u2019Assembl\u00e9e G\u00e9n\u00e9rale ordinaire sont prises \u00e0 la majorit\u00e9 des membres pr\u00e9sents ou repr\u00e9sent\u00e9s dans la limite d\u2019un pouvoir par membres pr\u00e9sents \u00e0 main lev\u00e9e, sauf si le vote \u00e0 bulletin secret est r\u00e9clam\u00e9 par la majorit\u00e9 plus un des membres pr\u00e9sents.<\/p>\n<p><\/p>\n<p><\/p>\n<p>Article 17 :<\/p>\n<p><\/p>\n<p><\/p>\n<p>L\u2019Assembl\u00e9e G\u00e9n\u00e9rale extraordinaire est convoqu\u00e9e par le Pr\u00e9sident ou \u00e0 la demande de la moiti\u00e9 plus un des membres inscrits et \u00e0 jour de cotisation.<\/p>\n<p><\/p>\n<p><\/p>\n<p>L\u2019Assembl\u00e9e G\u00e9n\u00e9rale extraordinaire est convoqu\u00e9e soit pour apporter des modifications aux statuts, soit pour la dissolution anticip\u00e9e de l\u2019association ou pour la fusion de l\u2019association.<\/p>\n<p><\/p>\n<p><\/p>\n<p>Les d\u00e9cisions sont prises \u00e0 la majorit\u00e9 des membres pr\u00e9sents ou repr\u00e9sent\u00e9s. Les votes sont \u00e0 main lev\u00e9e, sauf si le vote \u00e0 bulletin secret est r\u00e9clam\u00e9 par la majorit\u00e9 plus un des membres pr\u00e9sents.<\/p>\n<p><\/p>\n<p><\/p>\n<p>TITRE V \u2013 DISSOLUTION<\/p>\n<p><\/p>\n<p><\/p>\n<p>Article 18 :<\/p>\n<p><\/p>\n<p><\/p>\n<p>La dissolution de l\u2019association est prononc\u00e9e \u00e0 la demande du Conseil d\u2019Administration par la convocation d\u2019une Assembl\u00e9e G\u00e9n\u00e9rale extraordinaire.<\/p>\n<p><\/p>\n<p><\/p>\n<p>Article 19 :<\/p>\n<p><\/p>\n<p><\/p>\n<p>En cas de dissolution, un ou plusieurs liquidateurs sont nomm\u00e9s par le Conseil d\u2019Administration et l\u2019actif, s\u2019il y a lieu, est d\u00e9volu conform\u00e9ment \u00e0 l\u2019article 9 de la loi du 1er juillet 1901 et au d\u00e9cret du 16 ao\u00fbt 1901.<\/p>\n<p><\/p>\n<p><\/p>\n<p>TITRE VI \u2013 R\u00c8GLEMENT INT\u00c9RIEUR \u2013 FORMALIT\u00c9S<\/p>\n<p><\/p>\n<p><\/p>\n<p>Article 20 :<\/p>\n<p><\/p>\n<p><\/p>\n<p>Un r\u00e8glement int\u00e9rieur peut \u00eatre \u00e9tabli par le Conseil d\u2019Administration qui le fait approuver par l\u2019Assembl\u00e9e G\u00e9n\u00e9rale.<\/p>\n<p><\/p>\n<p><\/p>\n<p>Il a pour objet de fixer les points non pr\u00e9vus par les pr\u00e9sents statuts (fonctionnement pratique des activit\u00e9s : stages, cours priv\u00e9s et collectifs, organisations soir\u00e9es dansantes\u2026).<\/p>\n<p><\/p>\n<p><\/p>\n<p>Article 21 :<\/p>\n<p><\/p>\n<p><\/p>\n<p>Le Pr\u00e9sident ou tout membre d\u00e9l\u00e9gu\u00e9 par lui est habilit\u00e9 \u00e0 accomplir les formalit\u00e9s de d\u00e9claration l\u00e9gale, tant au moment de la cr\u00e9ation de l\u2019association qu\u2019au cours de son existence ult\u00e9rieure. Il veille \u00e0 la bonne tenue des documents r\u00e9glementaires dont le Registre Sp\u00e9cial et les PV des d\u00e9cisions des diff\u00e9rentes assembl\u00e9es.<\/p>\n<p><\/p>\n<p><\/p>\n<p>La Secr\u00e9taire, Le Pr\u00e9sident,<\/p>\n<p><\/p>\n<p><\/p>\n<p><\/p>\n<p><\/p>\n<p><h3><em style=\"font-weight: normal;\"><u>R\u00e8glement int\u00e9rieur<\/u><\/em><\/h3>Article 1 :<\/p>\n<p><\/p>\n<p><\/p>\n<p>Le montant de la cotisation annuelle, d\u00e9cid\u00e9 par le Conseil d\u2019Administration sera annonc\u00e9e chaque ann\u00e9e au cours de l\u2019Assembl\u00e9e G\u00e9n\u00e9rale.<\/p>\n<p><\/p>\n<p><\/p>\n<p>Article 2 :<\/p>\n<p><\/p>\n<p><\/p>\n<p>Le remboursement de l\u2019inscription annuelle n\u2019est pas autoris\u00e9 sauf pour motif exceptionnel, \u00e0 la discr\u00e9tion du Conseil d\u2019Administration (maladie justifi\u00e9e par certificat m\u00e9dical, mutation professionnelle). Le Conseil d\u2019Administration \u00e9tudiera au cas par cas les demandes en fonction des \u00e9l\u00e9ments \u00e0 sa disposition.<\/p>\n<p><\/p>\n<p><\/p>\n<p>Article 3 :<\/p>\n<p><\/p>\n<p><\/p>\n<p>Le Conseil d\u2019Administration se r\u00e9serve le droit de demander une participation financi\u00e8re ou pas aux soir\u00e9es dansantes pr\u00e9vues en cours d\u2019ann\u00e9e selon le nombre d\u2019inscriptions.<\/p>\n<p><\/p>\n<p><\/p>\n<p>Cette d\u00e9cision sera adress\u00e9e \u00e0 l\u2019ensemble des adh\u00e9rents et sera indiqu\u00e9e sur les supports de communication listant l\u2019ensemble des soir\u00e9es.<\/p>\n<p><\/p>\n<p><\/p>\n<p>Article 4 :<\/p>\n<p><\/p>\n<p><\/p>\n<p>En fonction du nombre d\u2019adh\u00e9rents recens\u00e9s lors des inscriptions de septembre, le Conseil d\u2019Administration se r\u00e9serve le droit d\u2019annuler \u00e9ventuellement des cours de danse.<\/p>\n<p><\/p>\n<p><\/p>\n<p>Article 5<\/p>\n<p><\/p>\n<p><\/p>\n<p>Le Conseil d\u2019Administration a tous pouvoirs d\u00e9cisifs pour exclure de l\u2019Association tous membres du Conseil d\u2019Administration ou membres actifs (adh\u00e9rents) ne respectant pas les d\u00e9cisions prises par le Conseil d\u2019Administration, consid\u00e9rant cette attitude comme un motif grave (article 7 des statuts).<\/p>\n<p><\/p>\n<p><\/p>\n<p>Conseil d\u2019administration (2016)<\/p>\n<p><\/p>\t\t\t\t\t\t\t\t<\/div>\n\t\t\t\t<\/div>\n\t\t\t\t\t<\/div>\n\t\t<\/div>\n\t\t\t\t\t<\/div>\n\t\t<\/section>\n\t\t\t\t<\/div>\n\t\t","protected":false},"excerpt":{"rendered":"<p>Statuts de l\u2019association TITRE I : CONSTITUTION Article 1 : Il est fond\u00e9 entre les adh\u00e9rents aux pr\u00e9sents statuts une association r\u00e9gie par la loi du 1er juillet 1901 et [&hellip;]<\/p>\n","protected":false},"author":2,"featured_media":0,"parent":0,"menu_order":0,"comment_status":"closed","ping_status":"closed","template":"","meta":{"site-sidebar-layout":"default","site-content-layout":"","ast-site-content-layout":"default","site-content-style":"default","site-sidebar-style":"default","ast-global-header-display":"","ast-banner-title-visibility":"","ast-main-header-display":"","ast-hfb-above-header-display":"","ast-hfb-below-header-display":"","ast-hfb-mobile-header-display":"","site-post-title":"","ast-breadcrumbs-content":"","ast-featured-img":"","footer-sml-layout":"","ast-disable-related-posts":"","theme-transparent-header-meta":"","adv-header-id-meta":"","stick-header-meta":"","header-above-stick-meta":"","header-main-stick-meta":"","header-below-stick-meta":"","astra-migrate-meta-layouts":"default","ast-page-background-enabled":"default","ast-page-background-meta":{"desktop":{"background-color":"","background-image":"","background-repeat":"repeat","background-position":"center center","background-size":"auto","background-attachment":"scroll","background-type":"","background-media":"","overlay-type":"","overlay-color":"","overlay-opacity":"","overlay-gradient":""},"tablet":{"background-color":"","background-image":"","background-repeat":"repeat","background-position":"center center","background-size":"auto","background-attachment":"scroll","background-type":"","background-media":"","overlay-type":"","overlay-color":"","overlay-opacity":"","overlay-gradient":""},"mobile":{"background-color":"","background-image":"","background-repeat":"repeat","background-position":"center center","background-size":"auto","background-attachment":"scroll","background-type":"","background-media":"","overlay-type":"","overlay-color":"","overlay-opacity":"","overlay-gradient":""}},"ast-content-background-meta":{"desktop":{"background-color":"var(--ast-global-color-5)","background-image":"","background-repeat":"repeat","background-position":"center center","background-size":"auto","background-attachment":"scroll","background-type":"","background-media":"","overlay-type":"","overlay-color":"","overlay-opacity":"","overlay-gradient":""},"tablet":{"background-color":"var(--ast-global-color-5)","background-image":"","background-repeat":"repeat","background-position":"center center","background-size":"auto","background-attachment":"scroll","background-type":"","background-media":"","overlay-type":"","overlay-color":"","overlay-opacity":"","overlay-gradient":""},"mobile":{"background-color":"var(--ast-global-color-5)","background-image":"","background-repeat":"repeat","background-position":"center center","background-size":"auto","background-attachment":"scroll","background-type":"","background-media":"","overlay-type":"","overlay-color":"","overlay-opacity":"","overlay-gradient":""}},"_EventAllDay":false,"_EventTimezone":"","_EventStartDate":"","_EventEndDate":"","_EventStartDateUTC":"","_EventEndDateUTC":"","_EventShowMap":false,"_EventShowMapLink":false,"_EventURL":"","_EventCost":"","_EventCostDescription":"","_EventCurrencySymbol":"","_EventCurrencyCode":"","_EventCurrencyPosition":"","_EventDateTimeSeparator":"","_EventTimeRangeSeparator":"","_EventOrganizerID":[],"_EventVenueID":[],"_OrganizerEmail":"","_OrganizerPhone":"","_OrganizerWebsite":"","_VenueAddress":"","_VenueCity":"","_VenueCountry":"","_VenueProvince":"","_VenueState":"","_VenueZip":"","_VenuePhone":"","_VenueURL":"","_VenueStateProvince":"","_VenueLat":"","_VenueLng":"","_VenueShowMap":false,"_VenueShowMapLink":false,"footnotes":""},"class_list":["post-24695","page","type-page","status-publish","hentry"],"_links":{"self":[{"href":"https:\/\/tempsdansechallans.fr\/index.php\/wp-json\/wp\/v2\/pages\/24695","targetHints":{"allow":["GET"]}}],"collection":[{"href":"https:\/\/tempsdansechallans.fr\/index.php\/wp-json\/wp\/v2\/pages"}],"about":[{"href":"https:\/\/tempsdansechallans.fr\/index.php\/wp-json\/wp\/v2\/types\/page"}],"author":[{"embeddable":true,"href":"https:\/\/tempsdansechallans.fr\/index.php\/wp-json\/wp\/v2\/users\/2"}],"replies":[{"embeddable":true,"href":"https:\/\/tempsdansechallans.fr\/index.php\/wp-json\/wp\/v2\/comments?post=24695"}],"version-history":[{"count":4,"href":"https:\/\/tempsdansechallans.fr\/index.php\/wp-json\/wp\/v2\/pages\/24695\/revisions"}],"predecessor-version":[{"id":24699,"href":"https:\/\/tempsdansechallans.fr\/index.php\/wp-json\/wp\/v2\/pages\/24695\/revisions\/24699"}],"wp:attachment":[{"href":"https:\/\/tempsdansechallans.fr\/index.php\/wp-json\/wp\/v2\/media?parent=24695"}],"curies":[{"name":"wp","href":"https:\/\/api.w.org\/{rel}","templated":true}]}}